{"id":107,"date":"2023-01-01T11:55:57","date_gmt":"2023-01-01T11:55:57","guid":{"rendered":"https:\/\/relaunch.sportschuetzen-speicher.de\/?page_id=107"},"modified":"2025-10-12T18:34:11","modified_gmt":"2025-10-12T18:34:11","slug":"mitglied-werden","status":"publish","type":"page","link":"https:\/\/sportschuetzen-speicher.de\/wordpress\/?page_id=107","title":{"rendered":"Mitglied werden"},"content":{"rendered":"\n<p><strong>Wie werde ich Mitglied im Verein?<\/strong><br \/>Du bist mindestens 16 Jahre alt und zeigst reges Interesse am Schie\u00dfsport. Sofern Du ein halbes Jahr regelm\u00e4\u00dfig trainierst und auch am kameradschaftlichen Beisammensein teilnimmst, steht Deiner Aufnahme in den Verein nichts mehr im Wege, es sei denn, es sprechen triftige Gr\u00fcnde gegen Deine Mitgliedschaft.<br \/>Danach nimmst Du, je nach Deinen Interessen, an den ausgeschriebenen Vereinsmeisterschaften teil und erh\u00e4ltst nach wenigstens anderthalb Jahren die Bed\u00fcrfnisbescheinigung zum Erwerb einer Sportwaffe.<\/p>\n\n\n\n<p>Zur Kontaktaufnahme bitte das Offene Training Mittwochs ab 18:00 Uhr nutzen. Freitags besteht meist Kontakt zum Vorstand ab 17:00 Uhr im Sch\u00fctzenhaus.<\/p>\n\n\n\n<p>F\u00fcr Jugendliche ab 12 Jahren bieten wir unter Leitung unseres Jugendwarts ein w\u00f6chentliches Training Dienstags 18:30 bis 20:30 Uhr. Interessierte k\u00f6nnen unter Begleitung eines Erziehungsberechtigten gerne vorbeikommen.<\/p>\n","protected":false},"excerpt":{"rendered":"<p>Wie werde ich Mitglied im Verein?Du bist mindestens 16 Jahre alt und zeigst reges Interesse am Schie\u00dfsport. Sofern Du ein halbes Jahr regelm\u00e4\u00dfig trainierst und auch am kameradschaftlichen Beisammensein teilnimmst, steht Deiner Aufnahme in den Verein nichts mehr im Wege, es sei denn, es sprechen triftige Gr\u00fcnde gegen Deine Mitgliedschaft.Danach [&hellip;]<\/p>\n","protected":false},"author":1,"featured_media":0,"parent":85,"menu_order":0,"comment_status":"closed","ping_status":"closed","template":"","meta":{"footnotes":""},"class_list":["post-107","page","type-page","status-publish","hentry"],"_links":{"self":[{"href":"https:\/\/sportschuetzen-speicher.de\/wordpress\/index.php?rest_route=\/wp\/v2\/pages\/107","targetHints":{"allow":["GET"]}}],"collection":[{"href":"https:\/\/sportschuetzen-speicher.de\/wordpress\/index.php?rest_route=\/wp\/v2\/pages"}],"about":[{"href":"https:\/\/sportschuetzen-speicher.de\/wordpress\/index.php?rest_route=\/wp\/v2\/types\/page"}],"author":[{"embeddable":true,"href":"https:\/\/sportschuetzen-speicher.de\/wordpress\/index.php?rest_route=\/wp\/v2\/users\/1"}],"replies":[{"embeddable":true,"href":"https:\/\/sportschuetzen-speicher.de\/wordpress\/index.php?rest_route=%2Fwp%2Fv2%2Fcomments&post=107"}],"version-history":[{"count":4,"href":"https:\/\/sportschuetzen-speicher.de\/wordpress\/index.php?rest_route=\/wp\/v2\/pages\/107\/revisions"}],"predecessor-version":[{"id":410,"href":"https:\/\/sportschuetzen-speicher.de\/wordpress\/index.php?rest_route=\/wp\/v2\/pages\/107\/revisions\/410"}],"up":[{"embeddable":true,"href":"https:\/\/sportschuetzen-speicher.de\/wordpress\/index.php?rest_route=\/wp\/v2\/pages\/85"}],"wp:attachment":[{"href":"https:\/\/sportschuetzen-speicher.de\/wordpress\/index.php?rest_route=%2Fwp%2Fv2%2Fmedia&parent=107"}],"curies":[{"name":"wp","href":"https:\/\/api.w.org\/{rel}","templated":true}]}}