{"id":101,"date":"2023-01-01T11:47:17","date_gmt":"2023-01-01T11:47:17","guid":{"rendered":"https:\/\/relaunch.sportschuetzen-speicher.de\/?page_id=101"},"modified":"2023-01-01T11:53:11","modified_gmt":"2023-01-01T11:53:11","slug":"links","status":"publish","type":"page","link":"https:\/\/sportschuetzen-speicher.de\/wordpress\/?page_id=101","title":{"rendered":"Links"},"content":{"rendered":"\n<p><a href=\"http:\/\/www.dsb.de\/\" data-type=\"URL\" data-id=\"http:\/\/www.dsb.de\/\" target=\"_blank\" rel=\"noreferrer noopener\">Deutscher Sch\u00fctzenbund<\/a><\/p>\n\n\n\n<p><a href=\"http:\/\/www.rsb2020.de\/\" data-type=\"URL\" data-id=\"http:\/\/www.rsb2020.de\/\" target=\"_blank\" rel=\"noreferrer noopener\">Rheinischer Sch\u00fctzenbund<\/a><\/p>\n\n\n\n<p><a href=\"http:\/\/www.bezirk12.de\/\" data-type=\"URL\" data-id=\"http:\/\/www.bezirk12.de\/\" target=\"_blank\" rel=\"noreferrer noopener\">Bezirk 12 im Rheinischen Sch\u00fctzenbun<\/a><a href=\"http:\/\/www.bezirk12.de\/\" data-type=\"URL\" data-id=\"http:\/\/www.bezirk12.de\/\">d<\/a><\/p>\n\n\n\n<p><a href=\"http:\/\/www.xn--schtzenkreis-12-4-42b.de\/\" data-type=\"URL\" data-id=\"http:\/\/www.xn--schtzenkreis-12-4-42b.de\/\" target=\"_blank\" rel=\"noreferrer noopener\">Sch\u00fctzenkreis 12-4<\/a><\/p>\n\n\n\n<p><a href=\"https:\/\/client.rlpdirekt.de\/public\/kveifelkreisbitburgpruem_bis\/buergerservice\/leistungen\/RLP:entry:10075317:07232:ANLR\/waffenrechtliche-erlaubnisse\/\" data-type=\"URL\" data-id=\"https:\/\/client.rlpdirekt.de\/public\/kveifelkreisbitburgpruem_bis\/buergerservice\/leistungen\/RLP:entry:10075317:07232:ANLR\/waffenrechtliche-erlaubnisse\/\" target=\"_blank\" rel=\"noreferrer noopener\">Infos Untere Waffenbeh\u00f6rde im Eifelkreis Bitburg-Pr\u00fcm<\/a><\/p>\n","protected":false},"excerpt":{"rendered":"<p>Deutscher Sch\u00fctzenbund Rheinischer Sch\u00fctzenbund Bezirk 12 im Rheinischen Sch\u00fctzenbund Sch\u00fctzenkreis 12-4 Infos Untere Waffenbeh\u00f6rde im Eifelkreis Bitburg-Pr\u00fcm<\/p>\n","protected":false},"author":1,"featured_media":0,"parent":0,"menu_order":0,"comment_status":"closed","ping_status":"closed","template":"","meta":{"footnotes":""},"class_list":["post-101","page","type-page","status-publish","hentry"],"_links":{"self":[{"href":"https:\/\/sportschuetzen-speicher.de\/wordpress\/index.php?rest_route=\/wp\/v2\/pages\/101","targetHints":{"allow":["GET"]}}],"collection":[{"href":"https:\/\/sportschuetzen-speicher.de\/wordpress\/index.php?rest_route=\/wp\/v2\/pages"}],"about":[{"href":"https:\/\/sportschuetzen-speicher.de\/wordpress\/index.php?rest_route=\/wp\/v2\/types\/page"}],"author":[{"embeddable":true,"href":"https:\/\/sportschuetzen-speicher.de\/wordpress\/index.php?rest_route=\/wp\/v2\/users\/1"}],"replies":[{"embeddable":true,"href":"https:\/\/sportschuetzen-speicher.de\/wordpress\/index.php?rest_route=%2Fwp%2Fv2%2Fcomments&post=101"}],"version-history":[{"count":2,"href":"https:\/\/sportschuetzen-speicher.de\/wordpress\/index.php?rest_route=\/wp\/v2\/pages\/101\/revisions"}],"predecessor-version":[{"id":106,"href":"https:\/\/sportschuetzen-speicher.de\/wordpress\/index.php?rest_route=\/wp\/v2\/pages\/101\/revisions\/106"}],"wp:attachment":[{"href":"https:\/\/sportschuetzen-speicher.de\/wordpress\/index.php?rest_route=%2Fwp%2Fv2%2Fmedia&parent=101"}],"curies":[{"name":"wp","href":"https:\/\/api.w.org\/{rel}","templated":true}]}}